{"id":376,"date":"2026-01-13T16:38:33","date_gmt":"2026-01-13T15:38:33","guid":{"rendered":"https:\/\/datacenter.iph-multisite.berta-bewegt.ch\/beispiel-seite\/"},"modified":"2026-03-17T18:04:28","modified_gmt":"2026-03-17T17:04:28","slug":"data-center","status":"publish","type":"page","link":"https:\/\/datacenter.interpharma.ch\/fr\/","title":{"rendered":"Data Center"},"content":{"rendered":"\n            <section class=\"intro-text-with-person-block block-margins-small block-paddings-v2 scrollMagic-block visibleInBackend\" data-uid=\"69eb4e0c541d1\">\n            <div class=\"block-bg bg-primary-10\"><\/div>\n\n            <div class=\"intro-text-with-person-block-inner-container\">\n                <p>Des donn\u00e9es fiables constituent une base essentielle pour des discussions solides et des d\u00e9cisions fond\u00e9es sur des faits \u2014 en particulier dans un environnement complexe comme celui du syst\u00e8me de sant\u00e9. Avec l\u2019Interpharma Data Center, nous mettons \u00e0 disposition une plateforme qui rassemble des statistiques cl\u00e9s sur la sant\u00e9, les m\u00e9dicaments, la recherche ainsi que des indicateurs \u00e9conomiques du p\u00f4le pharmaceutique suisse, et les pr\u00e9sente de mani\u00e8re claire et accessible.<\/p>\n<p>Le Data Center s\u2019adresse aux d\u00e9cideurs politiques, aux m\u00e9dias, au monde acad\u00e9mique ainsi qu\u2019\u00e0 toute autre personne int\u00e9ress\u00e9e. Les graphiques interactifs permettent de saisir rapidement les \u00e9volutions et de mieux comprendre les relations entre les diff\u00e9rents facteurs. Par ailleurs, l\u2019ensemble des donn\u00e9es peut \u00eatre facilement t\u00e9l\u00e9charg\u00e9 et utilis\u00e9 pour des analyses ou publications propres.<\/p>\n<p>Nous contribuons ainsi \u00e0 davantage de transparence et \u00e0 un d\u00e9bat fond\u00e9 sur des faits concernant l\u2019avenir du syst\u00e8me de sant\u00e9 et de la Suisse en tant que p\u00f4le d\u2019innovation.<\/p>\n\n                                    <div class=\"simple-person-card-wrapper\">\n                        <div class=\"simple-person-image-wrapper\" style=\"background-image: url('https:\/\/datacenter.interpharma.ch\/wp-content\/uploads\/sites\/3\/2026\/02\/zitat.png')\">\n                            <img decoding=\"async\" src=\"https:\/\/datacenter.interpharma.ch\/wp-content\/themes\/iph\/dist\/images\/1_1_placeholder.png\" alt=\"Placeholder\">\n                        <\/div>\n\n                        <div class=\"simple-person-text-wrapper\">\n                            <p class=\"text-bold mb-0\">Dr. Ren\u00e9 P. Buholzer<\/p>\n\n                                                            <div class=\"local-function-wrapper\"><\/div>\n                                <p class=\"mb-0\">Directeur g\u00e9n\u00e9ral et d\u00e9l\u00e9gu\u00e9 du conseil d\u2019administration<\/p>\n                                                    <\/div>\n                    <\/div>\n                            <\/div>\n        <\/section>\n    \n\n\n\n\n\n<p><\/p>\n","protected":false},"excerpt":{"rendered":"","protected":false},"author":1,"featured_media":378,"parent":0,"menu_order":8,"comment_status":"closed","ping_status":"open","template":"","meta":{"_acf_changed":false,"inline_featured_image":false,"footnotes":""},"class_list":["post-376","page","type-page","status-publish","has-post-thumbnail","hentry"],"acf":[],"yoast_head":"<!-- This site is optimized with the Yoast SEO Premium plugin v27.2 (Yoast SEO v27.2) - https:\/\/yoast.com\/product\/yoast-seo-premium-wordpress\/ -->\n<title>Data Center - datacenter<\/title>\n<meta name=\"robots\" content=\"index, follow, max-snippet:-1, max-image-preview:large, max-video-preview:-1\" \/>\n<link rel=\"canonical\" href=\"https:\/\/datacenter.interpharma.ch\/fr\/\" \/>\n<meta property=\"og:locale\" content=\"fr_FR\" \/>\n<meta property=\"og:type\" content=\"article\" \/>\n<meta property=\"og:title\" content=\"Data Center\" \/>\n<meta property=\"og:url\" content=\"https:\/\/datacenter.interpharma.ch\/fr\/\" \/>\n<meta property=\"og:site_name\" content=\"datacenter\" \/>\n<meta property=\"article:modified_time\" content=\"2026-03-17T17:04:28+00:00\" \/>\n<meta property=\"og:image\" content=\"https:\/\/datacenter.interpharma.ch\/wp-content\/uploads\/sites\/3\/2026\/03\/Interpharma_home_datacenter.jpg\" \/>\n\t<meta property=\"og:image:width\" content=\"1440\" \/>\n\t<meta property=\"og:image:height\" content=\"810\" \/>\n\t<meta property=\"og:image:type\" content=\"image\/jpeg\" \/>\n<meta name=\"twitter:card\" content=\"summary_large_image\" \/>\n<meta name=\"twitter:site\" content=\"@interpharma_ch\" \/>\n<meta name=\"twitter:label1\" content=\"Dur\u00e9e de lecture estim\u00e9e\" \/>\n\t<meta name=\"twitter:data1\" content=\"1 minute\" \/>\n<script type=\"application\/ld+json\" class=\"yoast-schema-graph\">{\"@context\":\"https:\/\/schema.org\",\"@graph\":[{\"@type\":\"WebPage\",\"@id\":\"https:\/\/datacenter.interpharma.ch\/fr\/\",\"url\":\"https:\/\/datacenter.interpharma.ch\/fr\/\",\"name\":\"Data Center - datacenter\",\"isPartOf\":{\"@id\":\"https:\/\/datacenter.interpharma.ch\/#website\"},\"primaryImageOfPage\":{\"@id\":\"https:\/\/datacenter.interpharma.ch\/fr\/#primaryimage\"},\"image\":{\"@id\":\"https:\/\/datacenter.interpharma.ch\/fr\/#primaryimage\"},\"thumbnailUrl\":\"https:\/\/datacenter.interpharma.ch\/wp-content\/uploads\/sites\/3\/2026\/03\/Interpharma_home_datacenter.jpg\",\"datePublished\":\"2026-01-13T15:38:33+00:00\",\"dateModified\":\"2026-03-17T17:04:28+00:00\",\"breadcrumb\":{\"@id\":\"https:\/\/datacenter.interpharma.ch\/fr\/#breadcrumb\"},\"inLanguage\":\"fr-FR\",\"potentialAction\":[{\"@type\":\"ReadAction\",\"target\":[\"https:\/\/datacenter.interpharma.ch\/fr\/\"]}]},{\"@type\":\"ImageObject\",\"inLanguage\":\"fr-FR\",\"@id\":\"https:\/\/datacenter.interpharma.ch\/fr\/#primaryimage\",\"url\":\"https:\/\/datacenter.interpharma.ch\/wp-content\/uploads\/sites\/3\/2026\/03\/Interpharma_home_datacenter.jpg\",\"contentUrl\":\"https:\/\/datacenter.interpharma.ch\/wp-content\/uploads\/sites\/3\/2026\/03\/Interpharma_home_datacenter.jpg\",\"width\":1440,\"height\":810},{\"@type\":\"BreadcrumbList\",\"@id\":\"https:\/\/datacenter.interpharma.ch\/fr\/#breadcrumb\",\"itemListElement\":[{\"@type\":\"ListItem\",\"position\":1,\"name\":\"Start\",\"item\":\"https:\/\/datacenter.interpharma.ch\/fr\/\"},{\"@type\":\"ListItem\",\"position\":2,\"name\":\"Data Center\"}]},{\"@type\":\"WebSite\",\"@id\":\"https:\/\/datacenter.interpharma.ch\/#website\",\"url\":\"https:\/\/datacenter.interpharma.ch\/\",\"name\":\"datacenter\",\"description\":\"\",\"potentialAction\":[{\"@type\":\"SearchAction\",\"target\":{\"@type\":\"EntryPoint\",\"urlTemplate\":\"https:\/\/datacenter.interpharma.ch\/?s={search_term_string}\"},\"query-input\":{\"@type\":\"PropertyValueSpecification\",\"valueRequired\":true,\"valueName\":\"search_term_string\"}}],\"inLanguage\":\"fr-FR\"}]}<\/script>\n<!-- \/ Yoast SEO Premium plugin. -->","yoast_head_json":{"title":"Data Center - datacenter","robots":{"index":"index","follow":"follow","max-snippet":"max-snippet:-1","max-image-preview":"max-image-preview:large","max-video-preview":"max-video-preview:-1"},"canonical":"https:\/\/datacenter.interpharma.ch\/fr\/","og_locale":"fr_FR","og_type":"article","og_title":"Data Center","og_url":"https:\/\/datacenter.interpharma.ch\/fr\/","og_site_name":"datacenter","article_modified_time":"2026-03-17T17:04:28+00:00","og_image":[{"width":1440,"height":810,"url":"https:\/\/datacenter.interpharma.ch\/wp-content\/uploads\/sites\/3\/2026\/03\/Interpharma_home_datacenter.jpg","type":"image\/jpeg"}],"twitter_card":"summary_large_image","twitter_site":"@interpharma_ch","twitter_misc":{"Dur\u00e9e de lecture estim\u00e9e":"1 minute"},"schema":{"@context":"https:\/\/schema.org","@graph":[{"@type":"WebPage","@id":"https:\/\/datacenter.interpharma.ch\/fr\/","url":"https:\/\/datacenter.interpharma.ch\/fr\/","name":"Data Center - datacenter","isPartOf":{"@id":"https:\/\/datacenter.interpharma.ch\/#website"},"primaryImageOfPage":{"@id":"https:\/\/datacenter.interpharma.ch\/fr\/#primaryimage"},"image":{"@id":"https:\/\/datacenter.interpharma.ch\/fr\/#primaryimage"},"thumbnailUrl":"https:\/\/datacenter.interpharma.ch\/wp-content\/uploads\/sites\/3\/2026\/03\/Interpharma_home_datacenter.jpg","datePublished":"2026-01-13T15:38:33+00:00","dateModified":"2026-03-17T17:04:28+00:00","breadcrumb":{"@id":"https:\/\/datacenter.interpharma.ch\/fr\/#breadcrumb"},"inLanguage":"fr-FR","potentialAction":[{"@type":"ReadAction","target":["https:\/\/datacenter.interpharma.ch\/fr\/"]}]},{"@type":"ImageObject","inLanguage":"fr-FR","@id":"https:\/\/datacenter.interpharma.ch\/fr\/#primaryimage","url":"https:\/\/datacenter.interpharma.ch\/wp-content\/uploads\/sites\/3\/2026\/03\/Interpharma_home_datacenter.jpg","contentUrl":"https:\/\/datacenter.interpharma.ch\/wp-content\/uploads\/sites\/3\/2026\/03\/Interpharma_home_datacenter.jpg","width":1440,"height":810},{"@type":"BreadcrumbList","@id":"https:\/\/datacenter.interpharma.ch\/fr\/#breadcrumb","itemListElement":[{"@type":"ListItem","position":1,"name":"Start","item":"https:\/\/datacenter.interpharma.ch\/fr\/"},{"@type":"ListItem","position":2,"name":"Data Center"}]},{"@type":"WebSite","@id":"https:\/\/datacenter.interpharma.ch\/#website","url":"https:\/\/datacenter.interpharma.ch\/","name":"datacenter","description":"","potentialAction":[{"@type":"SearchAction","target":{"@type":"EntryPoint","urlTemplate":"https:\/\/datacenter.interpharma.ch\/?s={search_term_string}"},"query-input":{"@type":"PropertyValueSpecification","valueRequired":true,"valueName":"search_term_string"}}],"inLanguage":"fr-FR"}]}},"_links":{"self":[{"href":"https:\/\/datacenter.interpharma.ch\/fr\/wp-json\/wp\/v2\/pages\/376","targetHints":{"allow":["GET"]}}],"collection":[{"href":"https:\/\/datacenter.interpharma.ch\/fr\/wp-json\/wp\/v2\/pages"}],"about":[{"href":"https:\/\/datacenter.interpharma.ch\/fr\/wp-json\/wp\/v2\/types\/page"}],"author":[{"embeddable":true,"href":"https:\/\/datacenter.interpharma.ch\/fr\/wp-json\/wp\/v2\/users\/1"}],"replies":[{"embeddable":true,"href":"https:\/\/datacenter.interpharma.ch\/fr\/wp-json\/wp\/v2\/comments?post=376"}],"version-history":[{"count":2,"href":"https:\/\/datacenter.interpharma.ch\/fr\/wp-json\/wp\/v2\/pages\/376\/revisions"}],"predecessor-version":[{"id":470,"href":"https:\/\/datacenter.interpharma.ch\/fr\/wp-json\/wp\/v2\/pages\/376\/revisions\/470"}],"wp:featuredmedia":[{"embeddable":true,"href":"https:\/\/datacenter.interpharma.ch\/fr\/wp-json\/wp\/v2\/media\/378"}],"wp:attachment":[{"href":"https:\/\/datacenter.interpharma.ch\/fr\/wp-json\/wp\/v2\/media?parent=376"}],"curies":[{"name":"wp","href":"https:\/\/api.w.org\/{rel}","templated":true}]}}